{"id":71,"date":"2024-05-27T15:20:26","date_gmt":"2024-05-27T15:20:26","guid":{"rendered":"https:\/\/radioiluman.ec\/?page_id=71"},"modified":"2024-08-13T01:02:12","modified_gmt":"2024-08-13T01:02:12","slug":"sabado-y-domingo","status":"publish","type":"page","link":"https:\/\/radioiluman.ec\/index.php\/sabado-y-domingo\/","title":{"rendered":"S\u00e1bado y domingo"},"content":{"rendered":"<p>[et_pb_section fb_built=\u00bb1&#8243; fullwidth=\u00bbon\u00bb _builder_version=\u00bb4.16&#8243; background_enable_image=\u00bboff\u00bb global_colors_info=\u00bb{}\u00bb][et_pb_fullwidth_header title=\u00bbLunes a viernes\u00bb _builder_version=\u00bb4.25.1&#8243; title_font=\u00bb|700|||||||\u00bb title_text_align=\u00bbcenter\u00bb title_font_size=\u00bb58px\u00bb title_letter_spacing=\u00bb-2px\u00bb background_color=\u00bbrgba(0,0,0,0.45)\u00bb background_image=\u00bbhttps:\/\/radioiluman.ec\/wp-content\/uploads\/2024\/05\/DSC09126.jpg\u00bb background_blend=\u00bboverlay\u00bb custom_margin=\u00bb||||false|false\u00bb custom_padding=\u00bb46px||44px||false|false\u00bb custom_padding_tablet=\u00bb\u00bb custom_padding_phone=\u00bb\u00bb custom_padding_last_edited=\u00bbon|desktop\u00bb global_colors_info=\u00bb{}\u00bb][\/et_pb_fullwidth_header][\/et_pb_section][et_pb_section fb_built=\u00bb1&#8243; custom_padding_last_edited=\u00bbon|phone\u00bb _builder_version=\u00bb4.16&#8243; custom_padding=\u00bb31px||130px||false|false\u00bb custom_padding_tablet=\u00bb70px||70px||false|false\u00bb custom_padding_phone=\u00bb50px||50px||false|false\u00bb global_colors_info=\u00bb{}\u00bb][et_pb_row column_structure=\u00bb2_5,3_5&#8243; _builder_version=\u00bb4.25.1&#8243; _module_preset=\u00bbdefault\u00bb global_colors_info=\u00bb{}\u00bb][et_pb_column type=\u00bb2_5&#8243; _builder_version=\u00bb4.25.1&#8243; _module_preset=\u00bbdefault\u00bb global_colors_info=\u00bb{}\u00bb][et_pb_image src=\u00bbhttps:\/\/radioiluman.ec\/wp-content\/uploads\/2024\/05\/los-mashis.jpg\u00bb title_text=\u00bblos-mashis\u00bb _builder_version=\u00bb4.25.1&#8243; _module_preset=\u00bbdefault\u00bb global_colors_info=\u00bb{}\u00bb][\/et_pb_image][\/et_pb_column][et_pb_column type=\u00bb3_5&#8243; _builder_version=\u00bb4.25.1&#8243; _module_preset=\u00bbdefault\u00bb global_colors_info=\u00bb{}\u00bb][et_pb_text _builder_version=\u00bb4.25.1&#8243; _module_preset=\u00bbdefault\u00bb global_colors_info=\u00bb{}\u00bb]<\/p>\n<p style=\"text-align: justify;\"><strong>LOS MASHIS<\/strong><\/p>\n<p style=\"text-align: justify;\"><span>Lo mejor de la m\u00fasica andina suena en radio Ilum\u00e1n, junto a la alegr\u00eda de todo el equipo de lo Mashis.<\/span><\/p>\n<p style=\"text-align: justify;\"><span>Locutores: Jaime Diaz, Viviana Guerrero, Siwi de la Torre.<\/span><\/p>\n<p style=\"text-align: justify;\"><span>D\u00edas:\u00a0 De Lunes a Viernes<\/span><\/p>\n<p style=\"text-align: justify;\"><span>Hora: 08:00 &#8211; 10:00<\/span><\/p>\n<p>[\/et_pb_text][\/et_pb_column][\/et_pb_row][\/et_pb_section]<\/p>\n","protected":false},"excerpt":{"rendered":"<p>LOS MASHIS Lo mejor de la m\u00fasica andina suena en radio Ilum\u00e1n, junto a la alegr\u00eda de todo el equipo de lo Mashis. Locutores: Jaime Diaz, Viviana Guerrero, Siwi de la Torre. D\u00edas:\u00a0 De Lunes a Viernes Hora: 08:00 &#8211; 10:00<\/p>\n","protected":false},"author":1,"featured_media":0,"parent":0,"menu_order":0,"comment_status":"closed","ping_status":"closed","template":"","meta":{"_et_pb_use_builder":"on","_et_pb_old_content":"","_et_gb_content_width":"","footnotes":""},"class_list":["post-71","page","type-page","status-publish","hentry"],"_links":{"self":[{"href":"https:\/\/radioiluman.ec\/index.php\/wp-json\/wp\/v2\/pages\/71","targetHints":{"allow":["GET"]}}],"collection":[{"href":"https:\/\/radioiluman.ec\/index.php\/wp-json\/wp\/v2\/pages"}],"about":[{"href":"https:\/\/radioiluman.ec\/index.php\/wp-json\/wp\/v2\/types\/page"}],"author":[{"embeddable":true,"href":"https:\/\/radioiluman.ec\/index.php\/wp-json\/wp\/v2\/users\/1"}],"replies":[{"embeddable":true,"href":"https:\/\/radioiluman.ec\/index.php\/wp-json\/wp\/v2\/comments?post=71"}],"version-history":[{"count":4,"href":"https:\/\/radioiluman.ec\/index.php\/wp-json\/wp\/v2\/pages\/71\/revisions"}],"predecessor-version":[{"id":234,"href":"https:\/\/radioiluman.ec\/index.php\/wp-json\/wp\/v2\/pages\/71\/revisions\/234"}],"wp:attachment":[{"href":"https:\/\/radioiluman.ec\/index.php\/wp-json\/wp\/v2\/media?parent=71"}],"curies":[{"name":"wp","href":"https:\/\/api.w.org\/{rel}","templated":true}]}}