{"id":40,"date":"2024-05-27T14:51:48","date_gmt":"2024-05-27T14:51:48","guid":{"rendered":"https:\/\/radioiluman.ec\/?page_id=40"},"modified":"2024-05-27T16:08:44","modified_gmt":"2024-05-27T16:08:44","slug":"programacion","status":"publish","type":"page","link":"https:\/\/radioiluman.ec\/index.php\/programacion\/","title":{"rendered":"Programaci\u00f3n"},"content":{"rendered":"<p>[et_pb_section fb_built=\u00bb1&#8243; fullwidth=\u00bbon\u00bb _builder_version=\u00bb4.16&#8243; background_enable_image=\u00bboff\u00bb global_colors_info=\u00bb{}\u00bb][et_pb_fullwidth_header title=\u00bbProgramaci\u00f3n\u00bb _builder_version=\u00bb4.25.1&#8243; title_font=\u00bb|700|||||||\u00bb title_text_align=\u00bbcenter\u00bb title_font_size=\u00bb58px\u00bb title_letter_spacing=\u00bb-2px\u00bb background_color=\u00bbrgba(0,0,0,0.45)\u00bb background_image=\u00bbhttps:\/\/radioiluman.ec\/wp-content\/uploads\/2024\/05\/DSC09126.jpg\u00bb background_blend=\u00bboverlay\u00bb custom_margin=\u00bb||||false|false\u00bb custom_padding=\u00bb46px||46px||false|false\u00bb custom_padding_tablet=\u00bb\u00bb custom_padding_phone=\u00bb\u00bb custom_padding_last_edited=\u00bbon|desktop\u00bb global_colors_info=\u00bb{}\u00bb][\/et_pb_fullwidth_header][\/et_pb_section][et_pb_section fb_built=\u00bb1&#8243; _builder_version=\u00bb4.25.1&#8243; _module_preset=\u00bbdefault\u00bb global_colors_info=\u00bb{}\u00bb][et_pb_row column_structure=\u00bb1_2,1_2&#8243; _builder_version=\u00bb4.25.1&#8243; _module_preset=\u00bbdefault\u00bb global_colors_info=\u00bb{}\u00bb][et_pb_column type=\u00bb1_2&#8243; _builder_version=\u00bb4.25.1&#8243; _module_preset=\u00bbdefault\u00bb global_colors_info=\u00bb{}\u00bb][et_pb_cta title=\u00bbDe lunes a viernes\u00bb button_url=\u00bbhttps:\/\/radioiluman.ec\/index.php\/de-lunes-a-viernes\/\u00bb button_text=\u00bbClic aqu\u00ed\u00bb _builder_version=\u00bb4.25.1&#8243; _module_preset=\u00bbdefault\u00bb background_color=\u00bb#df912f\u00bb global_colors_info=\u00bb{}\u00bb]<\/p>\n<p>De lunes a viernes, te acompa\u00f1amos con lo mejor de la m\u00fasica nacional y andina, creando un espacio donde nuestra rica herencia cultural brilla con fuerza.<\/p>\n<p>Cada d\u00eda, ofrecemos una programaci\u00f3n diversa que no solo destaca la belleza y la diversidad de nuestra m\u00fasica, sino que tambi\u00e9n te mantiene informado sobre la actualidad.<\/p>\n<p>[\/et_pb_cta][\/et_pb_column][et_pb_column type=\u00bb1_2&#8243; _builder_version=\u00bb4.25.1&#8243; _module_preset=\u00bbdefault\u00bb global_colors_info=\u00bb{}\u00bb][et_pb_cta title=\u00bbS\u00e1bado y domingo\u00bb button_url=\u00bbhttps:\/\/radioiluman.ec\/index.php\/sabado-y-domingo\/\u00bb button_text=\u00bbClic aqu\u00ed\u00bb _builder_version=\u00bb4.25.1&#8243; _module_preset=\u00bbdefault\u00bb background_color=\u00bb#000000&#8243; global_colors_info=\u00bb{}\u00bb]<\/p>\n<p>Los s\u00e1bados y domingos, te invitamos a disfrutar de una selecci\u00f3n especial con lo mejor de la m\u00fasica nacional y andina.<\/p>\n<p>Nuestros programas de fin de semana no solo te ofrecen una rica variedad musical, sino que tambi\u00e9n incluyen contenidos diversos sobre la actualidad y temas que fortalecen nuestra identidad cultural.<\/p>\n<p>[\/et_pb_cta][\/et_pb_column][\/et_pb_row][\/et_pb_section]<\/p>\n","protected":false},"excerpt":{"rendered":"<p>De lunes a viernes, te acompa\u00f1amos con lo mejor de la m\u00fasica nacional y andina, creando un espacio donde nuestra rica herencia cultural brilla con fuerza. Cada d\u00eda, ofrecemos una programaci\u00f3n diversa que no solo destaca la belleza y la diversidad de nuestra m\u00fasica, sino que tambi\u00e9n te mantiene informado sobre la actualidad.Los s\u00e1bados y [&hellip;]<\/p>\n","protected":false},"author":1,"featured_media":0,"parent":0,"menu_order":0,"comment_status":"closed","ping_status":"closed","template":"","meta":{"_et_pb_use_builder":"on","_et_pb_old_content":"","_et_gb_content_width":"","footnotes":""},"class_list":["post-40","page","type-page","status-publish","hentry"],"_links":{"self":[{"href":"https:\/\/radioiluman.ec\/index.php\/wp-json\/wp\/v2\/pages\/40","targetHints":{"allow":["GET"]}}],"collection":[{"href":"https:\/\/radioiluman.ec\/index.php\/wp-json\/wp\/v2\/pages"}],"about":[{"href":"https:\/\/radioiluman.ec\/index.php\/wp-json\/wp\/v2\/types\/page"}],"author":[{"embeddable":true,"href":"https:\/\/radioiluman.ec\/index.php\/wp-json\/wp\/v2\/users\/1"}],"replies":[{"embeddable":true,"href":"https:\/\/radioiluman.ec\/index.php\/wp-json\/wp\/v2\/comments?post=40"}],"version-history":[{"count":9,"href":"https:\/\/radioiluman.ec\/index.php\/wp-json\/wp\/v2\/pages\/40\/revisions"}],"predecessor-version":[{"id":104,"href":"https:\/\/radioiluman.ec\/index.php\/wp-json\/wp\/v2\/pages\/40\/revisions\/104"}],"wp:attachment":[{"href":"https:\/\/radioiluman.ec\/index.php\/wp-json\/wp\/v2\/media?parent=40"}],"curies":[{"name":"wp","href":"https:\/\/api.w.org\/{rel}","templated":true}]}}